{"id":2213,"date":"2026-03-03T13:32:22","date_gmt":"2026-03-03T13:32:22","guid":{"rendered":"https:\/\/iftest.ch\/?page_id=2213"},"modified":"2026-04-02T10:04:01","modified_gmt":"2026-04-02T10:04:01","slug":"test-engineering","status":"publish","type":"page","link":"https:\/\/iftest.ch\/en\/serial-manufacturing\/test-engineering\/","title":{"rendered":"Test Engineering"},"content":{"rendered":"\n<div class=\"wp-block-group alignfull has-base-background-color has-background has-global-padding is-layout-constrained wp-block-group-is-layout-constrained\">\n<div class=\"wp-block-media-text has-media-on-the-right is-stacked-on-mobile is-image-fill-element is-style-hero\"><div class=\"wp-block-media-text__content\"><div class=\"yoast-breadcrumbs\"><span><span><a href=\"https:\/\/iftest.ch\/en\/\">Home<\/a><\/span> <img decoding=\"async\" src=\"https:\/\/iftest.ch\/wp-content\/themes\/iftest\/assets\/images\/breadcrumb-arrow.svg\" alt=\"\" class=\"breadcrumb-separator\"> <span><a href=\"https:\/\/iftest.ch\/en\/serial-manufacturing\/\">Serial manufacturing<\/a><\/span> <img decoding=\"async\" src=\"https:\/\/iftest.ch\/wp-content\/themes\/iftest\/assets\/images\/breadcrumb-arrow.svg\" alt=\"\" class=\"breadcrumb-separator\"> <span class=\"breadcrumb_last\" aria-current=\"page\">Test Engineering<\/span><\/span><\/div>\n\n\n<h1 class=\"wp-block-heading\"><strong>Quality and efficiency driven by test expertise<\/strong><\/h1>\n\n\n\n<ul class=\"wp-block-list\">\n<li>Maximum quality through advanced testing expertise<\/li>\n\n\n\n<li>100% tested assemblies using state-of-the-art technology<\/li>\n\n\n\n<li>Customized testing solutions tailored to customer requirements<\/li>\n<\/ul>\n\n\n\n<div class=\"wp-block-buttons is-style-default is-layout-flex wp-block-buttons-is-layout-flex\">\n<div class=\"wp-block-button\"><a class=\"wp-block-button__link wp-element-button\" href=\"https:\/\/iftest.ch\/en\/quote\/\">Request<\/a><\/div>\n<\/div>\n<\/div><figure class=\"wp-block-media-text__media\"><img loading=\"lazy\" decoding=\"async\" width=\"530\" height=\"489\" src=\"https:\/\/iftest.ch\/wp-content\/uploads\/2026\/02\/IFTEST-Produktion-Qualitaetssicherung.webp\" alt=\"Iftest Qualit\u00e4tssicherung\" class=\"wp-image-832 size-full\" style=\"object-position:0% 59%\" srcset=\"https:\/\/iftest.ch\/wp-content\/uploads\/2026\/02\/IFTEST-Produktion-Qualitaetssicherung.webp 530w, https:\/\/iftest.ch\/wp-content\/uploads\/2026\/02\/IFTEST-Produktion-Qualitaetssicherung-300x277.webp 300w\" sizes=\"auto, (max-width: 530px) 100vw, 530px\" \/><\/figure><\/div>\n<\/div>\n\n\n\n<div class=\"wp-block-group alignfull has-base-background-color has-background has-global-padding is-layout-constrained wp-block-group-is-layout-constrained\">\n<div class=\"wp-block-columns is-layout-flex wp-container-core-columns-is-layout-28f84493 wp-block-columns-is-layout-flex\">\n<div class=\"wp-block-column is-layout-flow wp-block-column-is-layout-flow\" style=\"flex-basis:66%\">\n<p>The development of an optimal testing strategy is essential to achieving defined quality targets with maximum cost efficiency. Due to its origins as an engineering company specializing in the development of test equipment, Iftest can draw on comprehensive expertise in this important process step. This expertise in test engineering ensures that the highest reliability standards are met.<\/p>\n<\/div>\n\n\n\n<div class=\"wp-block-column is-layout-flow wp-block-column-is-layout-flow\"><\/div>\n<\/div>\n<\/div>\n\n\n\n<div class=\"wp-block-group alignfull has-base-background-color has-background has-global-padding is-layout-constrained wp-block-group-is-layout-constrained\">\n<div class=\"wp-block-media-text is-stacked-on-mobile is-vertically-aligned-top\"><figure class=\"wp-block-media-text__media\"><img loading=\"lazy\" decoding=\"async\" width=\"530\" height=\"489\" src=\"https:\/\/iftest.ch\/wp-content\/uploads\/2026\/02\/IFTEST-Entwicklung-Hardware.webp\" alt=\"Iftest Mitarbeitende Entwicklung\" class=\"wp-image-725 size-full\" srcset=\"https:\/\/iftest.ch\/wp-content\/uploads\/2026\/02\/IFTEST-Entwicklung-Hardware.webp 530w, https:\/\/iftest.ch\/wp-content\/uploads\/2026\/02\/IFTEST-Entwicklung-Hardware-300x277.webp 300w\" sizes=\"auto, (max-width: 530px) 100vw, 530px\" \/><\/figure><div class=\"wp-block-media-text__content\">\n<h2 class=\"wp-block-heading\">3D Automated Optical Inspection (AOI)<\/h2>\n\n\n\n<p>The 3D AOI system automatically detects missing components, misalignment and rotation, incorrect polarity and soldering errors with extremely high accuracy. An autonomous process operation with minimum handling requirements leads to optimum cost-efficiency in this decisive quality assurance process.<\/p>\n\n\n\n<p>The latest generation of fully automated 3D AOI systems is now in use. It uses the principle of optical triangulation. The AOI system used at Iftest utilises projected stripe patterns. This involves 40 images per circuit board position being captured and assessed extremely quickly.<\/p>\n\n\n\n<p>For quality control of <a href=\"https:\/\/iftest.ch\/en\/services\/serial-manufacturing\/pcb-assembly\/\" type=\"page\" id=\"2203\">SMT assembly processes<\/a>, Iftest carries out 100% inspection using the 3D AOI system. A fully automated handling system enables a cost-efficient quality assurance process.<\/p>\n<\/div><\/div>\n<\/div>\n\n\n\n<div class=\"wp-block-group alignfull has-base-background-color has-background has-global-padding is-layout-constrained wp-block-group-is-layout-constrained\">\n<div class=\"wp-block-media-text has-media-on-the-right is-stacked-on-mobile is-vertically-aligned-top\"><div class=\"wp-block-media-text__content\">\n<h2 class=\"wp-block-heading\">Functional testing<\/h2>\n\n\n\n<p>Sub-assemblies, modules and devices can be functionally tested using specific test equipment if required by the customer. These tests can include electrical, optical or acoustic functionality control and verification of wireless communications characteristics.<\/p>\n<\/div><figure class=\"wp-block-media-text__media\"><img loading=\"lazy\" decoding=\"async\" width=\"1024\" height=\"683\" src=\"https:\/\/iftest.ch\/wp-content\/uploads\/2026\/03\/Iftest-A-453-1024x683.jpg\" alt=\"Flyer Probe\" class=\"wp-image-1423 size-full\" srcset=\"https:\/\/iftest.ch\/wp-content\/uploads\/2026\/03\/Iftest-A-453-1024x683.jpg 1024w, https:\/\/iftest.ch\/wp-content\/uploads\/2026\/03\/Iftest-A-453-300x200.jpg 300w, https:\/\/iftest.ch\/wp-content\/uploads\/2026\/03\/Iftest-A-453-768x512.jpg 768w, https:\/\/iftest.ch\/wp-content\/uploads\/2026\/03\/Iftest-A-453-1536x1024.jpg 1536w, https:\/\/iftest.ch\/wp-content\/uploads\/2026\/03\/Iftest-A-453-2048x1365.jpg 2048w\" sizes=\"auto, (max-width: 1024px) 100vw, 1024px\" \/><\/figure><\/div>\n<\/div>\n\n\n\n<div class=\"wp-block-group alignfull has-base-background-color has-background has-global-padding is-layout-constrained wp-block-group-is-layout-constrained\">\n<div class=\"wp-block-columns is-layout-flex wp-container-core-columns-is-layout-28f84493 wp-block-columns-is-layout-flex\">\n<div class=\"wp-block-column is-layout-flow wp-block-column-is-layout-flow\" style=\"flex-basis:66%\">\n<h3 class=\"wp-block-heading\">In-circuit testing<\/h3>\n\n\n\n<p>An In-Circuit Test (ICT) procedure \u2013 either with a needle adaptor or a flying probe test system \u2013 can check the electrical characteristics of individual components or the entire circuit board. Depending on test specifications, this is carried out with random sampling or 100 % inspection.<\/p>\n\n\n\n<h3 class=\"wp-block-heading\">X-ray testing<\/h3>\n\n\n\n<p>Eine R\u00f6ntgenpr\u00fcfung mit einer Aufl\u00f6sung von bis zu einem Mikrometer erfolgt f\u00fcr sogenannte Golden Devices sowie f\u00fcr Stichprobenkontrollen. \u00dcberdies gelangt die R\u00f6ntgenpr\u00fcfung bei Fehleranalysen und der daraus abgeleiteten Korrekturmassnahmen zum Einsatz.<\/p>\n<\/div>\n\n\n\n<div class=\"wp-block-column is-layout-flow wp-block-column-is-layout-flow\"><\/div>\n<\/div>\n<\/div>\n\n\n\n<div class=\"wp-block-group alignfull is-style-default has-light-grey-background-color has-background has-global-padding is-layout-constrained wp-block-group-is-layout-constrained\">\n<div class=\"wp-block-columns is-layout-flex wp-container-core-columns-is-layout-28f84493 wp-block-columns-is-layout-flex\">\n<div class=\"wp-block-column is-layout-flow wp-block-column-is-layout-flow\" style=\"flex-basis:66.66%\">\n<h2 class=\"wp-block-heading\">Downloads<\/h2>\n\n\n\n<div class=\"wp-block-file\"><a id=\"wp-block-file--media-6d16883a-2142-4b6e-b476-43fa518ac5b0\" href=\"https:\/\/iftest.ch\/wp-content\/uploads\/2026\/03\/IFT_Imagebro_A4_6-seitig_EN_V2.1_RZ_Web-1.pdf\" target=\"_blank\" rel=\"noreferrer noopener\">Iftest company brochure<\/a><a href=\"https:\/\/iftest.ch\/wp-content\/uploads\/2026\/03\/IFT_Imagebro_A4_6-seitig_EN_V2.1_RZ_Web-1.pdf\" class=\"wp-block-file__button wp-element-button\" download aria-describedby=\"wp-block-file--media-6d16883a-2142-4b6e-b476-43fa518ac5b0\">Download<\/a><\/div>\n<\/div>\n\n\n\n<div class=\"wp-block-column is-layout-flow wp-block-column-is-layout-flow\" style=\"flex-basis:33.33%\"><\/div>\n<\/div>\n<\/div>\n\n\n\n<div class=\"wp-block-group alignfull has-light-grey-background-color has-background has-global-padding is-layout-constrained wp-block-group-is-layout-constrained\">\n<div class=\"wp-block-media-text has-media-on-the-right is-stacked-on-mobile is-vertically-aligned-top is-contact\" style=\"grid-template-columns:auto 40%\"><div class=\"wp-block-media-text__content\">\n<h2 class=\"wp-block-heading\">Contact<\/h2>\n\n\n\n<p class=\"is-style-lead\">We are here for you and happy to answer your questions.<\/p>\n\n\n\n<p><strong>Massimiliano D&#8217;Amore<br><\/strong>Sales &amp; Marketing Manager, Executive Management<br><a href=\"mailto:massimiliano.damore@iftest.ch\">massimiliano.damore@iftest.ch<\/a><br><a href=\"tel:+41564373749\" type=\"tel\" id=\"tel:+41564373749\">+41 56 437 37 49<\/a><\/p>\n<\/div><figure class=\"wp-block-media-text__media\"><img loading=\"lazy\" decoding=\"async\" width=\"1024\" height=\"701\" src=\"https:\/\/iftest.ch\/wp-content\/uploads\/2026\/02\/Iftest-AG_Massimiliano-DAmore-1024x701.png\" alt=\"\" class=\"wp-image-325 size-full\" srcset=\"https:\/\/iftest.ch\/wp-content\/uploads\/2026\/02\/Iftest-AG_Massimiliano-DAmore-1024x701.png 1024w, https:\/\/iftest.ch\/wp-content\/uploads\/2026\/02\/Iftest-AG_Massimiliano-DAmore-300x205.png 300w, https:\/\/iftest.ch\/wp-content\/uploads\/2026\/02\/Iftest-AG_Massimiliano-DAmore-768x526.png 768w, https:\/\/iftest.ch\/wp-content\/uploads\/2026\/02\/Iftest-AG_Massimiliano-DAmore-1536x1052.png 1536w, https:\/\/iftest.ch\/wp-content\/uploads\/2026\/02\/Iftest-AG_Massimiliano-DAmore-2048x1403.png 2048w\" sizes=\"auto, (max-width: 1024px) 100vw, 1024px\" \/><\/figure><\/div>\n<\/div>\n","protected":false},"excerpt":{"rendered":"<p>Quality and efficiency driven by test expertise The development of an optimal testing strategy is essential to achieving defined quality targets with maximum cost efficiency. Due to its origins as an engineering company specializing in the development of test equipment, Iftest can draw on comprehensive expertise in this important process step. This expertise in test [&hellip;]<\/p>\n","protected":false},"author":2,"featured_media":0,"parent":2096,"menu_order":0,"comment_status":"closed","ping_status":"closed","template":"","meta":{"_acf_changed":false,"inline_featured_image":false,"footnotes":""},"class_list":["post-2213","page","type-page","status-publish","hentry"],"acf":[],"yoast_head":"<!-- This site is optimized with the Yoast SEO plugin v27.3 - https:\/\/yoast.com\/product\/yoast-seo-wordpress\/ -->\n<title>Test Engineering for Electronics &amp; EMS - Iftest<\/title>\n<meta name=\"description\" content=\"Testing technology for electronics: 3D AOI, flying probe, ICT\/FKT and functional tests for the highest quality and cost-efficiency.\" \/>\n<meta name=\"robots\" content=\"index, follow, max-snippet:-1, max-image-preview:large, max-video-preview:-1\" \/>\n<link rel=\"canonical\" href=\"https:\/\/iftest.ch\/en\/serial-manufacturing\/test-engineering\/\" \/>\n<meta property=\"og:locale\" content=\"en_US\" \/>\n<meta property=\"og:type\" content=\"article\" \/>\n<meta property=\"og:title\" content=\"Test Engineering for Electronics &amp; EMS - Iftest\" \/>\n<meta property=\"og:description\" content=\"Testing technology for electronics: 3D AOI, flying probe, ICT\/FKT and functional tests for the highest quality and cost-efficiency.\" \/>\n<meta property=\"og:url\" content=\"https:\/\/iftest.ch\/en\/serial-manufacturing\/test-engineering\/\" \/>\n<meta property=\"og:site_name\" content=\"Iftest\" \/>\n<meta property=\"article:modified_time\" content=\"2026-04-02T10:04:01+00:00\" \/>\n<meta property=\"og:image\" content=\"https:\/\/iftest.ch\/wp-content\/uploads\/2026\/02\/IFTEST-Produktion-Qualitaetssicherung.webp\" \/>\n<meta name=\"twitter:card\" content=\"summary_large_image\" \/>\n<meta name=\"twitter:label1\" content=\"Est. reading time\" \/>\n\t<meta name=\"twitter:data1\" content=\"8 minutes\" \/>\n<script type=\"application\/ld+json\" class=\"yoast-schema-graph\">{\"@context\":\"https:\\\/\\\/schema.org\",\"@graph\":[{\"@type\":\"WebPage\",\"@id\":\"https:\\\/\\\/iftest.ch\\\/en\\\/serial-manufacturing\\\/test-engineering\\\/\",\"url\":\"https:\\\/\\\/iftest.ch\\\/en\\\/serial-manufacturing\\\/test-engineering\\\/\",\"name\":\"Test Engineering for Electronics & EMS - Iftest\",\"isPartOf\":{\"@id\":\"https:\\\/\\\/iftest.ch\\\/en\\\/#website\"},\"primaryImageOfPage\":{\"@id\":\"https:\\\/\\\/iftest.ch\\\/en\\\/serial-manufacturing\\\/test-engineering\\\/#primaryimage\"},\"image\":{\"@id\":\"https:\\\/\\\/iftest.ch\\\/en\\\/serial-manufacturing\\\/test-engineering\\\/#primaryimage\"},\"thumbnailUrl\":\"https:\\\/\\\/iftest.ch\\\/wp-content\\\/uploads\\\/2026\\\/02\\\/IFTEST-Produktion-Qualitaetssicherung.webp\",\"datePublished\":\"2026-03-03T13:32:22+00:00\",\"dateModified\":\"2026-04-02T10:04:01+00:00\",\"description\":\"Testing technology for electronics: 3D AOI, flying probe, ICT\\\/FKT and functional tests for the highest quality and cost-efficiency.\",\"breadcrumb\":{\"@id\":\"https:\\\/\\\/iftest.ch\\\/en\\\/serial-manufacturing\\\/test-engineering\\\/#breadcrumb\"},\"inLanguage\":\"en-US\",\"potentialAction\":[{\"@type\":\"ReadAction\",\"target\":[\"https:\\\/\\\/iftest.ch\\\/en\\\/serial-manufacturing\\\/test-engineering\\\/\"]}]},{\"@type\":\"ImageObject\",\"inLanguage\":\"en-US\",\"@id\":\"https:\\\/\\\/iftest.ch\\\/en\\\/serial-manufacturing\\\/test-engineering\\\/#primaryimage\",\"url\":\"https:\\\/\\\/iftest.ch\\\/wp-content\\\/uploads\\\/2026\\\/02\\\/IFTEST-Produktion-Qualitaetssicherung.webp\",\"contentUrl\":\"https:\\\/\\\/iftest.ch\\\/wp-content\\\/uploads\\\/2026\\\/02\\\/IFTEST-Produktion-Qualitaetssicherung.webp\"},{\"@type\":\"BreadcrumbList\",\"@id\":\"https:\\\/\\\/iftest.ch\\\/en\\\/serial-manufacturing\\\/test-engineering\\\/#breadcrumb\",\"itemListElement\":[{\"@type\":\"ListItem\",\"position\":1,\"name\":\"Home\",\"item\":\"https:\\\/\\\/iftest.ch\\\/en\\\/\"},{\"@type\":\"ListItem\",\"position\":2,\"name\":\"Serial manufacturing\",\"item\":\"https:\\\/\\\/iftest.ch\\\/en\\\/serial-manufacturing\\\/\"},{\"@type\":\"ListItem\",\"position\":3,\"name\":\"Test Engineering\"}]},{\"@type\":\"WebSite\",\"@id\":\"https:\\\/\\\/iftest.ch\\\/en\\\/#website\",\"url\":\"https:\\\/\\\/iftest.ch\\\/en\\\/\",\"name\":\"Iftest\",\"description\":\"\",\"publisher\":{\"@id\":\"https:\\\/\\\/iftest.ch\\\/en\\\/#organization\"},\"potentialAction\":[{\"@type\":\"SearchAction\",\"target\":{\"@type\":\"EntryPoint\",\"urlTemplate\":\"https:\\\/\\\/iftest.ch\\\/en\\\/?s={search_term_string}\"},\"query-input\":{\"@type\":\"PropertyValueSpecification\",\"valueRequired\":true,\"valueName\":\"search_term_string\"}}],\"inLanguage\":\"en-US\"},{\"@type\":\"Organization\",\"@id\":\"https:\\\/\\\/iftest.ch\\\/en\\\/#organization\",\"name\":\"Iftest\",\"url\":\"https:\\\/\\\/iftest.ch\\\/en\\\/\",\"logo\":{\"@type\":\"ImageObject\",\"inLanguage\":\"en-US\",\"@id\":\"https:\\\/\\\/iftest.ch\\\/en\\\/#\\\/schema\\\/logo\\\/image\\\/\",\"url\":\"https:\\\/\\\/iftest.ch\\\/wp-content\\\/uploads\\\/2026\\\/03\\\/logo-iftest.svg\",\"contentUrl\":\"https:\\\/\\\/iftest.ch\\\/wp-content\\\/uploads\\\/2026\\\/03\\\/logo-iftest.svg\",\"caption\":\"Iftest\"},\"image\":{\"@id\":\"https:\\\/\\\/iftest.ch\\\/en\\\/#\\\/schema\\\/logo\\\/image\\\/\"},\"sameAs\":[\"https:\\\/\\\/www.linkedin.com\\\/company\\\/iftest-ag\",\"https:\\\/\\\/www.xing.com\\\/companies\\\/iftestag\"]}]}<\/script>\n<!-- \/ Yoast SEO plugin. -->","yoast_head_json":{"title":"Test Engineering for Electronics & EMS - Iftest","description":"Testing technology for electronics: 3D AOI, flying probe, ICT\/FKT and functional tests for the highest quality and cost-efficiency.","robots":{"index":"index","follow":"follow","max-snippet":"max-snippet:-1","max-image-preview":"max-image-preview:large","max-video-preview":"max-video-preview:-1"},"canonical":"https:\/\/iftest.ch\/en\/serial-manufacturing\/test-engineering\/","og_locale":"en_US","og_type":"article","og_title":"Test Engineering for Electronics & EMS - Iftest","og_description":"Testing technology for electronics: 3D AOI, flying probe, ICT\/FKT and functional tests for the highest quality and cost-efficiency.","og_url":"https:\/\/iftest.ch\/en\/serial-manufacturing\/test-engineering\/","og_site_name":"Iftest","article_modified_time":"2026-04-02T10:04:01+00:00","og_image":[{"url":"https:\/\/iftest.ch\/wp-content\/uploads\/2026\/02\/IFTEST-Produktion-Qualitaetssicherung.webp","type":"","width":"","height":""}],"twitter_card":"summary_large_image","twitter_misc":{"Est. reading time":"8 minutes"},"schema":{"@context":"https:\/\/schema.org","@graph":[{"@type":"WebPage","@id":"https:\/\/iftest.ch\/en\/serial-manufacturing\/test-engineering\/","url":"https:\/\/iftest.ch\/en\/serial-manufacturing\/test-engineering\/","name":"Test Engineering for Electronics & EMS - Iftest","isPartOf":{"@id":"https:\/\/iftest.ch\/en\/#website"},"primaryImageOfPage":{"@id":"https:\/\/iftest.ch\/en\/serial-manufacturing\/test-engineering\/#primaryimage"},"image":{"@id":"https:\/\/iftest.ch\/en\/serial-manufacturing\/test-engineering\/#primaryimage"},"thumbnailUrl":"https:\/\/iftest.ch\/wp-content\/uploads\/2026\/02\/IFTEST-Produktion-Qualitaetssicherung.webp","datePublished":"2026-03-03T13:32:22+00:00","dateModified":"2026-04-02T10:04:01+00:00","description":"Testing technology for electronics: 3D AOI, flying probe, ICT\/FKT and functional tests for the highest quality and cost-efficiency.","breadcrumb":{"@id":"https:\/\/iftest.ch\/en\/serial-manufacturing\/test-engineering\/#breadcrumb"},"inLanguage":"en-US","potentialAction":[{"@type":"ReadAction","target":["https:\/\/iftest.ch\/en\/serial-manufacturing\/test-engineering\/"]}]},{"@type":"ImageObject","inLanguage":"en-US","@id":"https:\/\/iftest.ch\/en\/serial-manufacturing\/test-engineering\/#primaryimage","url":"https:\/\/iftest.ch\/wp-content\/uploads\/2026\/02\/IFTEST-Produktion-Qualitaetssicherung.webp","contentUrl":"https:\/\/iftest.ch\/wp-content\/uploads\/2026\/02\/IFTEST-Produktion-Qualitaetssicherung.webp"},{"@type":"BreadcrumbList","@id":"https:\/\/iftest.ch\/en\/serial-manufacturing\/test-engineering\/#breadcrumb","itemListElement":[{"@type":"ListItem","position":1,"name":"Home","item":"https:\/\/iftest.ch\/en\/"},{"@type":"ListItem","position":2,"name":"Serial manufacturing","item":"https:\/\/iftest.ch\/en\/serial-manufacturing\/"},{"@type":"ListItem","position":3,"name":"Test Engineering"}]},{"@type":"WebSite","@id":"https:\/\/iftest.ch\/en\/#website","url":"https:\/\/iftest.ch\/en\/","name":"Iftest","description":"","publisher":{"@id":"https:\/\/iftest.ch\/en\/#organization"},"potentialAction":[{"@type":"SearchAction","target":{"@type":"EntryPoint","urlTemplate":"https:\/\/iftest.ch\/en\/?s={search_term_string}"},"query-input":{"@type":"PropertyValueSpecification","valueRequired":true,"valueName":"search_term_string"}}],"inLanguage":"en-US"},{"@type":"Organization","@id":"https:\/\/iftest.ch\/en\/#organization","name":"Iftest","url":"https:\/\/iftest.ch\/en\/","logo":{"@type":"ImageObject","inLanguage":"en-US","@id":"https:\/\/iftest.ch\/en\/#\/schema\/logo\/image\/","url":"https:\/\/iftest.ch\/wp-content\/uploads\/2026\/03\/logo-iftest.svg","contentUrl":"https:\/\/iftest.ch\/wp-content\/uploads\/2026\/03\/logo-iftest.svg","caption":"Iftest"},"image":{"@id":"https:\/\/iftest.ch\/en\/#\/schema\/logo\/image\/"},"sameAs":["https:\/\/www.linkedin.com\/company\/iftest-ag","https:\/\/www.xing.com\/companies\/iftestag"]}]}},"_links":{"self":[{"href":"https:\/\/iftest.ch\/en\/wp-json\/wp\/v2\/pages\/2213","targetHints":{"allow":["GET"]}}],"collection":[{"href":"https:\/\/iftest.ch\/en\/wp-json\/wp\/v2\/pages"}],"about":[{"href":"https:\/\/iftest.ch\/en\/wp-json\/wp\/v2\/types\/page"}],"author":[{"embeddable":true,"href":"https:\/\/iftest.ch\/en\/wp-json\/wp\/v2\/users\/2"}],"replies":[{"embeddable":true,"href":"https:\/\/iftest.ch\/en\/wp-json\/wp\/v2\/comments?post=2213"}],"version-history":[{"count":6,"href":"https:\/\/iftest.ch\/en\/wp-json\/wp\/v2\/pages\/2213\/revisions"}],"predecessor-version":[{"id":5578,"href":"https:\/\/iftest.ch\/en\/wp-json\/wp\/v2\/pages\/2213\/revisions\/5578"}],"up":[{"embeddable":true,"href":"https:\/\/iftest.ch\/en\/wp-json\/wp\/v2\/pages\/2096"}],"wp:attachment":[{"href":"https:\/\/iftest.ch\/en\/wp-json\/wp\/v2\/media?parent=2213"}],"curies":[{"name":"wp","href":"https:\/\/api.w.org\/{rel}","templated":true}]}}