{"id":1904,"date":"2026-02-23T15:16:52","date_gmt":"2026-02-23T15:16:52","guid":{"rendered":"https:\/\/iftest.ch\/?page_id=1904"},"modified":"2026-03-24T14:57:46","modified_gmt":"2026-03-24T14:57:46","slug":"displayandcontrolmodule","status":"publish","type":"page","link":"https:\/\/iftest.ch\/en\/development\/software\/displayandcontrolmodule\/","title":{"rendered":"Iftest display and control module"},"content":{"rendered":"\n<div class=\"wp-block-group alignfull has-base-background-color has-background has-global-padding is-layout-constrained wp-block-group-is-layout-constrained\">\n<div class=\"wp-block-media-text has-media-on-the-right is-stacked-on-mobile is-image-fill-element is-style-hero\"><div class=\"wp-block-media-text__content\"><div class=\"yoast-breadcrumbs\"><span><span><a href=\"https:\/\/iftest.ch\/en\/\">Home<\/a><\/span> <img decoding=\"async\" src=\"https:\/\/iftest.ch\/wp-content\/themes\/iftest\/assets\/images\/breadcrumb-arrow.svg\" alt=\"\" class=\"breadcrumb-separator\"> <span><a href=\"https:\/\/iftest.ch\/en\/development\/\">Development<\/a><\/span> <img decoding=\"async\" src=\"https:\/\/iftest.ch\/wp-content\/themes\/iftest\/assets\/images\/breadcrumb-arrow.svg\" alt=\"\" class=\"breadcrumb-separator\"> <span><a href=\"https:\/\/iftest.ch\/en\/development\/software\/\">Software<\/a><\/span> <img decoding=\"async\" src=\"https:\/\/iftest.ch\/wp-content\/themes\/iftest\/assets\/images\/breadcrumb-arrow.svg\" alt=\"\" class=\"breadcrumb-separator\"> <span class=\"breadcrumb_last\" aria-current=\"page\">Iftest display and control module<\/span><\/span><\/div>\n\n\n<h1 class=\"wp-block-heading\"><strong>Iftest display and control module<\/strong><\/h1>\n\n\n\n<ul class=\"wp-block-list\">\n<li>Fast Time-to-Market through Parallel Development<\/li>\n\n\n\n<li>Cost Efficiency through Modular Architecture<\/li>\n\n\n\n<li>Maximum Flexibility and Performance<\/li>\n<\/ul>\n\n\n\n<div class=\"wp-block-buttons is-style-default is-layout-flex wp-block-buttons-is-layout-flex\">\n<div class=\"wp-block-button\"><a class=\"wp-block-button__link wp-element-button\" href=\"https:\/\/iftest.ch\/en\/quote\/\">Request<\/a><\/div>\n<\/div>\n<\/div><figure class=\"wp-block-media-text__media\"><img decoding=\"async\" src=\"https:\/\/iftest.ch\/wp-content\/uploads\/2026\/03\/Key-Visual-Anzeige-und-Bedienmoduld-V1-1.png\" alt=\"\" class=\"wp-image-4370 size-full\" style=\"object-position:58% 60%\"\/><\/figure><\/div>\n<\/div>\n\n\n\n<div class=\"wp-block-group alignfull has-base-background-color has-background has-global-padding is-layout-constrained wp-block-group-is-layout-constrained\">\n<div class=\"wp-block-columns is-layout-flex wp-container-core-columns-is-layout-28f84493 wp-block-columns-is-layout-flex\">\n<div class=\"wp-block-column is-layout-flow wp-block-column-is-layout-flow\" style=\"flex-basis:66%\">\n<p>Many applications in industry and medtech require a display and control module which meets highest standards of quality and robustness. A decisive criteria for many many customers is the possibility to achieve a fast time-to-market.<\/p>\n\n\n\n<p>A fast time-to-market is favored if prototypes are made available quickly. This is enabled if the development of different work streams can be accomplished in parallel and prototypes for functional tests during the development project can be made available fast.<\/p>\n\n\n\n<p>Iftest developed a platform technology with an architecture which can accomodate most of these requirements. The new Iftest display and control module is designed with the following features:<\/p>\n\n\n\n<ul class=\"wp-block-list\">\n<li>Parallel development of GUI, hardware and software feasible<\/li>\n\n\n\n<li>The GUI is hardware independent and therefore allows agile development methods<\/li>\n\n\n\n<li>Modular design of system<\/li>\n\n\n\n<li>Baseboard design: interfaces can be defined individually based on customer needs<\/li>\n\n\n\n<li>Com module is pluggable<\/li>\n<\/ul>\n<\/div>\n\n\n\n<div class=\"wp-block-column is-layout-flow wp-block-column-is-layout-flow\"><\/div>\n<\/div>\n<\/div>\n\n\n\n<div class=\"wp-block-group alignfull is-style-default has-base-background-color has-background has-global-padding is-layout-constrained wp-block-group-is-layout-constrained\">\n<h2 class=\"wp-block-heading\">Customer benefits<\/h2>\n\n\n\n<div class=\"wp-block-group is-style-3-spalter has-global-padding is-layout-constrained wp-block-group-is-layout-constrained\">\n<div class=\"wp-block-media-text is-stacked-on-mobile is-style-uebereinander\"><figure class=\"wp-block-media-text__media\"><img loading=\"lazy\" decoding=\"async\" width=\"709\" height=\"710\" src=\"https:\/\/iftest.ch\/wp-content\/uploads\/2026\/02\/Geschichte.png\" alt=\"Icon Uhr\" class=\"wp-image-620 size-full\" srcset=\"https:\/\/iftest.ch\/wp-content\/uploads\/2026\/02\/Geschichte.png 709w, https:\/\/iftest.ch\/wp-content\/uploads\/2026\/02\/Geschichte-300x300.png 300w, https:\/\/iftest.ch\/wp-content\/uploads\/2026\/02\/Geschichte-150x150.png 150w\" sizes=\"auto, (max-width: 709px) 100vw, 709px\" \/><\/figure><div class=\"wp-block-media-text__content\">\n<h3 class=\"wp-block-heading\"><strong>Time-to-Market<\/strong><\/h3>\n\n\n\n<p>The architecture allows parallel development of GUI, hardware and software. This enables an accelerated development process. Through fast prototyping, based on close proximity to serial manufacturing under the same roof, functional models are made available quickly to customers for functional testing internally. All those aspects support a fast market entry.<\/p>\n<\/div><\/div>\n\n\n\n<div class=\"wp-block-media-text is-stacked-on-mobile is-style-uebereinander\"><figure class=\"wp-block-media-text__media\"><img loading=\"lazy\" decoding=\"async\" width=\"709\" height=\"709\" src=\"https:\/\/iftest.ch\/wp-content\/uploads\/2026\/03\/Success_Stories.png\" alt=\"Daumen hoch\" class=\"wp-image-1608 size-full\" srcset=\"https:\/\/iftest.ch\/wp-content\/uploads\/2026\/03\/Success_Stories.png 709w, https:\/\/iftest.ch\/wp-content\/uploads\/2026\/03\/Success_Stories-300x300.png 300w, https:\/\/iftest.ch\/wp-content\/uploads\/2026\/03\/Success_Stories-150x150.png 150w\" sizes=\"auto, (max-width: 709px) 100vw, 709px\" \/><\/figure><div class=\"wp-block-media-text__content\">\n<h3 class=\"wp-block-heading\"><strong>Cost efficiency<\/strong><\/h3>\n\n\n\n<p>The main cost driver of a project are the develpoment cost. These cost are determined by project duration. The new display and control module helps to reduce cost based on an accelerated market entry. Cost efficiency is further optimized due to the fact that a substantial part of the module consists of commercially available standard components.<\/p>\n<\/div><\/div>\n\n\n\n<div class=\"wp-block-media-text is-stacked-on-mobile is-style-uebereinander\"><figure class=\"wp-block-media-text__media\"><img decoding=\"async\" src=\"https:\/\/iftest.ch\/wp-content\/uploads\/2026\/03\/Icons_Palette-21.svg\" alt=\"Haecklein Korrekt\" class=\"wp-image-1736 size-full\"\/><\/figure><div class=\"wp-block-media-text__content\">\n<h3 class=\"wp-block-heading\"><strong>Performance<\/strong><\/h3>\n\n\n\n<p>Spezifische Anforderungen bez\u00fcglich Design, Gestaltung, Look &amp; Feel, Connectivity, Robustheit sowie Safety Features k\u00f6nnen mit dem Iftest Anzeige- und Bedienmodul optimal erf\u00fcllt werden. Displaygr\u00f6sse und -aufl\u00f6sung, Touch und Frontmaterial (Glas, Folie) k\u00f6nnen entsprechend dem Kundenbed\u00fcrfnis und Einsatzgebiet frei gew\u00e4hlt werden.<\/p>\n<\/div><\/div>\n<\/div>\n<\/div>\n\n\n\n<div class=\"wp-block-group alignfull has-base-background-color has-background has-global-padding is-layout-constrained wp-block-group-is-layout-constrained\">\n<div class=\"wp-block-columns is-layout-flex wp-container-core-columns-is-layout-28f84493 wp-block-columns-is-layout-flex\">\n<div class=\"wp-block-column is-layout-flow wp-block-column-is-layout-flow\">\n<p>I would like to learn more about the new Iftest display and control module and get more information about it in the factsheet.<\/p>\n<\/div>\n\n\n\n<div class=\"wp-block-column is-layout-flow wp-block-column-is-layout-flow\"><\/div>\n<\/div>\n<\/div>\n\n\n\n<div class=\"wp-block-group alignfull is-style-default has-base-background-color has-background has-global-padding is-layout-constrained wp-block-group-is-layout-constrained\">\n<h2 class=\"wp-block-heading\">Our Certificates<\/h2>\n\n\n\n<div class=\"wp-block-group is-style-4-spalter has-global-padding is-layout-constrained wp-block-group-is-layout-constrained\">\n<div class=\"wp-block-group has-global-padding is-layout-constrained wp-block-group-is-layout-constrained\">\n<figure class=\"wp-block-image size-full\"><a href=\"https:\/\/iftest.ch\/wp-content\/uploads\/2026\/02\/101951_de_45678.pdf\" target=\"_blank\" rel=\" noreferrer noopener\"><img loading=\"lazy\" decoding=\"async\" width=\"448\" height=\"378\" src=\"https:\/\/iftest.ch\/wp-content\/uploads\/2026\/02\/3ac47bee1252f79576ed1d0e0880a94842108230.png\" alt=\"\" class=\"wp-image-128\" srcset=\"https:\/\/iftest.ch\/wp-content\/uploads\/2026\/02\/3ac47bee1252f79576ed1d0e0880a94842108230.png 448w, https:\/\/iftest.ch\/wp-content\/uploads\/2026\/02\/3ac47bee1252f79576ed1d0e0880a94842108230-300x253.png 300w\" sizes=\"auto, (max-width: 448px) 100vw, 448px\" \/><\/a><\/figure>\n\n\n\n<p class=\"has-text-align-center is-style-lead\"><strong>ISO 9001:2015<\/strong><\/p>\n<\/div>\n\n\n\n<div class=\"wp-block-group has-global-padding is-layout-constrained wp-block-group-is-layout-constrained\">\n<figure class=\"wp-block-image size-full\"><a href=\"https:\/\/iftest.ch\/wp-content\/uploads\/2026\/02\/101951_de_44085.pdf\" target=\"_blank\" rel=\" noreferrer noopener\"><img loading=\"lazy\" decoding=\"async\" width=\"448\" height=\"378\" src=\"https:\/\/iftest.ch\/wp-content\/uploads\/2026\/02\/3ac47bee1252f79576ed1d0e0880a94842108230.png\" alt=\"\" class=\"wp-image-128\" srcset=\"https:\/\/iftest.ch\/wp-content\/uploads\/2026\/02\/3ac47bee1252f79576ed1d0e0880a94842108230.png 448w, https:\/\/iftest.ch\/wp-content\/uploads\/2026\/02\/3ac47bee1252f79576ed1d0e0880a94842108230-300x253.png 300w\" sizes=\"auto, (max-width: 448px) 100vw, 448px\" \/><\/a><\/figure>\n\n\n\n<p class=\"has-text-align-center is-style-lead\"><strong>ISO 13485:2016<\/strong><\/p>\n<\/div>\n\n\n\n<div class=\"wp-block-group has-global-padding is-layout-constrained wp-block-group-is-layout-constrained\">\n<figure class=\"wp-block-image size-full\"><a href=\"https:\/\/iftest.ch\/wp-content\/uploads\/2026\/02\/101951_de_45678.pdf\" target=\"_blank\" rel=\" noreferrer noopener\"><img loading=\"lazy\" decoding=\"async\" width=\"448\" height=\"378\" src=\"https:\/\/iftest.ch\/wp-content\/uploads\/2026\/02\/3ac47bee1252f79576ed1d0e0880a94842108230.png\" alt=\"\" class=\"wp-image-128\" srcset=\"https:\/\/iftest.ch\/wp-content\/uploads\/2026\/02\/3ac47bee1252f79576ed1d0e0880a94842108230.png 448w, https:\/\/iftest.ch\/wp-content\/uploads\/2026\/02\/3ac47bee1252f79576ed1d0e0880a94842108230-300x253.png 300w\" sizes=\"auto, (max-width: 448px) 100vw, 448px\" \/><\/a><\/figure>\n\n\n\n<p class=\"has-text-align-center is-style-lead\"><strong>ISO 14001:2015<\/strong><\/p>\n<\/div>\n\n\n\n<div class=\"wp-block-group has-global-padding is-layout-constrained wp-block-group-is-layout-constrained\">\n<figure class=\"wp-block-image size-full\"><a href=\"https:\/\/iftest.ch\/wp-content\/uploads\/2026\/02\/UL_E348980_Z111.pdf\" target=\"_blank\" rel=\" noreferrer noopener\"><img loading=\"lazy\" decoding=\"async\" width=\"448\" height=\"378\" src=\"https:\/\/iftest.ch\/wp-content\/uploads\/2026\/02\/3ac47bee1252f79576ed1d0e0880a94842108230.png\" alt=\"\" class=\"wp-image-128\" srcset=\"https:\/\/iftest.ch\/wp-content\/uploads\/2026\/02\/3ac47bee1252f79576ed1d0e0880a94842108230.png 448w, https:\/\/iftest.ch\/wp-content\/uploads\/2026\/02\/3ac47bee1252f79576ed1d0e0880a94842108230-300x253.png 300w\" sizes=\"auto, (max-width: 448px) 100vw, 448px\" \/><\/a><\/figure>\n\n\n\n<p class=\"has-text-align-center is-style-lead\"><strong>UL Printed Wiring Assemblies Z111 ZPV12\/ZPV18<\/strong><\/p>\n<\/div>\n<\/div>\n<\/div>\n\n\n\n<div class=\"wp-block-group alignfull has-light-grey-background-color has-background has-global-padding is-layout-constrained wp-block-group-is-layout-constrained\">\n<div class=\"wp-block-media-text has-media-on-the-right is-stacked-on-mobile is-vertically-aligned-top is-contact\" style=\"grid-template-columns:auto 40%\"><div class=\"wp-block-media-text__content\">\n<h2 class=\"wp-block-heading\">Contact<\/h2>\n\n\n\n<p class=\"is-style-lead\">We are here for you and happy to answer your questions.<\/p>\n\n\n\n<p><strong>Massimiliano D&#8217;Amore<br><\/strong>Sales &amp; Marketing Manager, Executive Management<br><a href=\"mailto:massimiliano.damore@iftest.ch\">massimiliano.damore@iftest.ch<\/a><br><a href=\"tel:+41564373749\" type=\"tel\" id=\"tel:+41564373749\">+41 56 437 37 49<\/a><\/p>\n<\/div><figure class=\"wp-block-media-text__media\"><img loading=\"lazy\" decoding=\"async\" width=\"1024\" height=\"701\" src=\"https:\/\/iftest.ch\/wp-content\/uploads\/2026\/02\/Iftest-AG_Massimiliano-DAmore-1024x701.png\" alt=\"\" class=\"wp-image-325 size-full\" srcset=\"https:\/\/iftest.ch\/wp-content\/uploads\/2026\/02\/Iftest-AG_Massimiliano-DAmore-1024x701.png 1024w, https:\/\/iftest.ch\/wp-content\/uploads\/2026\/02\/Iftest-AG_Massimiliano-DAmore-300x205.png 300w, https:\/\/iftest.ch\/wp-content\/uploads\/2026\/02\/Iftest-AG_Massimiliano-DAmore-768x526.png 768w, https:\/\/iftest.ch\/wp-content\/uploads\/2026\/02\/Iftest-AG_Massimiliano-DAmore-1536x1052.png 1536w, https:\/\/iftest.ch\/wp-content\/uploads\/2026\/02\/Iftest-AG_Massimiliano-DAmore-2048x1403.png 2048w\" sizes=\"auto, (max-width: 1024px) 100vw, 1024px\" \/><\/figure><\/div>\n<\/div>\n","protected":false},"excerpt":{"rendered":"<p>Iftest display and control module Many applications in industry and medtech require a display and control module which meets highest standards of quality and robustness. A decisive criteria for many many customers is the possibility to achieve a fast time-to-market. A fast time-to-market is favored if prototypes are made available quickly. This is enabled if [&hellip;]<\/p>\n","protected":false},"author":2,"featured_media":0,"parent":1759,"menu_order":0,"comment_status":"closed","ping_status":"closed","template":"","meta":{"_acf_changed":false,"inline_featured_image":false,"footnotes":""},"class_list":["post-1904","page","type-page","status-publish","hentry"],"acf":[],"yoast_head":"<!-- This site is optimized with the Yoast SEO plugin v27.3 - https:\/\/yoast.com\/product\/yoast-seo-wordpress\/ -->\n<title>Iftest display and control module - Iftest<\/title>\n<meta name=\"description\" content=\"Flexible HMI solutions with a modular architecture for industrial and medical technology devices \u2013 for rapid development and time-to-market.\" \/>\n<meta name=\"robots\" content=\"index, follow, max-snippet:-1, max-image-preview:large, max-video-preview:-1\" \/>\n<link rel=\"canonical\" href=\"https:\/\/iftest.ch\/en\/development\/software\/displayandcontrolmodule\/\" \/>\n<meta property=\"og:locale\" content=\"en_US\" \/>\n<meta property=\"og:type\" content=\"article\" \/>\n<meta property=\"og:title\" content=\"Iftest display and control module - Iftest\" \/>\n<meta property=\"og:description\" content=\"Flexible HMI solutions with a modular architecture for industrial and medical technology devices \u2013 for rapid development and time-to-market.\" \/>\n<meta property=\"og:url\" content=\"https:\/\/iftest.ch\/en\/development\/software\/displayandcontrolmodule\/\" \/>\n<meta property=\"og:site_name\" content=\"Iftest\" \/>\n<meta property=\"article:modified_time\" content=\"2026-03-24T14:57:46+00:00\" \/>\n<meta property=\"og:image\" content=\"https:\/\/iftest.ch\/wp-content\/uploads\/2026\/03\/Key-Visual-Anzeige-und-Bedienmoduld-V1-1.png\" \/>\n<meta name=\"twitter:card\" content=\"summary_large_image\" \/>\n<meta name=\"twitter:label1\" content=\"Est. reading time\" \/>\n\t<meta name=\"twitter:data1\" content=\"4 minutes\" \/>\n<script type=\"application\/ld+json\" class=\"yoast-schema-graph\">{\"@context\":\"https:\\\/\\\/schema.org\",\"@graph\":[{\"@type\":\"WebPage\",\"@id\":\"https:\\\/\\\/iftest.ch\\\/en\\\/development\\\/software\\\/displayandcontrolmodule\\\/\",\"url\":\"https:\\\/\\\/iftest.ch\\\/en\\\/development\\\/software\\\/displayandcontrolmodule\\\/\",\"name\":\"Iftest display and control module - Iftest\",\"isPartOf\":{\"@id\":\"https:\\\/\\\/iftest.ch\\\/en\\\/#website\"},\"primaryImageOfPage\":{\"@id\":\"https:\\\/\\\/iftest.ch\\\/en\\\/development\\\/software\\\/displayandcontrolmodule\\\/#primaryimage\"},\"image\":{\"@id\":\"https:\\\/\\\/iftest.ch\\\/en\\\/development\\\/software\\\/displayandcontrolmodule\\\/#primaryimage\"},\"thumbnailUrl\":\"https:\\\/\\\/iftest.ch\\\/wp-content\\\/uploads\\\/2026\\\/03\\\/Key-Visual-Anzeige-und-Bedienmoduld-V1-1.png\",\"datePublished\":\"2026-02-23T15:16:52+00:00\",\"dateModified\":\"2026-03-24T14:57:46+00:00\",\"description\":\"Flexible HMI solutions with a modular architecture for industrial and medical technology devices \u2013 for rapid development and time-to-market.\",\"breadcrumb\":{\"@id\":\"https:\\\/\\\/iftest.ch\\\/en\\\/development\\\/software\\\/displayandcontrolmodule\\\/#breadcrumb\"},\"inLanguage\":\"en-US\",\"potentialAction\":[{\"@type\":\"ReadAction\",\"target\":[\"https:\\\/\\\/iftest.ch\\\/en\\\/development\\\/software\\\/displayandcontrolmodule\\\/\"]}]},{\"@type\":\"ImageObject\",\"inLanguage\":\"en-US\",\"@id\":\"https:\\\/\\\/iftest.ch\\\/en\\\/development\\\/software\\\/displayandcontrolmodule\\\/#primaryimage\",\"url\":\"https:\\\/\\\/iftest.ch\\\/wp-content\\\/uploads\\\/2026\\\/03\\\/Key-Visual-Anzeige-und-Bedienmoduld-V1-1.png\",\"contentUrl\":\"https:\\\/\\\/iftest.ch\\\/wp-content\\\/uploads\\\/2026\\\/03\\\/Key-Visual-Anzeige-und-Bedienmoduld-V1-1.png\"},{\"@type\":\"BreadcrumbList\",\"@id\":\"https:\\\/\\\/iftest.ch\\\/en\\\/development\\\/software\\\/displayandcontrolmodule\\\/#breadcrumb\",\"itemListElement\":[{\"@type\":\"ListItem\",\"position\":1,\"name\":\"Home\",\"item\":\"https:\\\/\\\/iftest.ch\\\/en\\\/\"},{\"@type\":\"ListItem\",\"position\":2,\"name\":\"Development\",\"item\":\"https:\\\/\\\/iftest.ch\\\/en\\\/development\\\/\"},{\"@type\":\"ListItem\",\"position\":3,\"name\":\"Software\",\"item\":\"https:\\\/\\\/iftest.ch\\\/en\\\/development\\\/software\\\/\"},{\"@type\":\"ListItem\",\"position\":4,\"name\":\"Iftest display and control module\"}]},{\"@type\":\"WebSite\",\"@id\":\"https:\\\/\\\/iftest.ch\\\/en\\\/#website\",\"url\":\"https:\\\/\\\/iftest.ch\\\/en\\\/\",\"name\":\"Iftest\",\"description\":\"\",\"publisher\":{\"@id\":\"https:\\\/\\\/iftest.ch\\\/en\\\/#organization\"},\"potentialAction\":[{\"@type\":\"SearchAction\",\"target\":{\"@type\":\"EntryPoint\",\"urlTemplate\":\"https:\\\/\\\/iftest.ch\\\/en\\\/?s={search_term_string}\"},\"query-input\":{\"@type\":\"PropertyValueSpecification\",\"valueRequired\":true,\"valueName\":\"search_term_string\"}}],\"inLanguage\":\"en-US\"},{\"@type\":\"Organization\",\"@id\":\"https:\\\/\\\/iftest.ch\\\/en\\\/#organization\",\"name\":\"Iftest\",\"url\":\"https:\\\/\\\/iftest.ch\\\/en\\\/\",\"logo\":{\"@type\":\"ImageObject\",\"inLanguage\":\"en-US\",\"@id\":\"https:\\\/\\\/iftest.ch\\\/en\\\/#\\\/schema\\\/logo\\\/image\\\/\",\"url\":\"https:\\\/\\\/iftest.ch\\\/wp-content\\\/uploads\\\/2026\\\/03\\\/logo-iftest.svg\",\"contentUrl\":\"https:\\\/\\\/iftest.ch\\\/wp-content\\\/uploads\\\/2026\\\/03\\\/logo-iftest.svg\",\"caption\":\"Iftest\"},\"image\":{\"@id\":\"https:\\\/\\\/iftest.ch\\\/en\\\/#\\\/schema\\\/logo\\\/image\\\/\"},\"sameAs\":[\"https:\\\/\\\/www.linkedin.com\\\/company\\\/iftest-ag\",\"https:\\\/\\\/www.xing.com\\\/companies\\\/iftestag\"]}]}<\/script>\n<!-- \/ Yoast SEO plugin. -->","yoast_head_json":{"title":"Iftest display and control module - Iftest","description":"Flexible HMI solutions with a modular architecture for industrial and medical technology devices \u2013 for rapid development and time-to-market.","robots":{"index":"index","follow":"follow","max-snippet":"max-snippet:-1","max-image-preview":"max-image-preview:large","max-video-preview":"max-video-preview:-1"},"canonical":"https:\/\/iftest.ch\/en\/development\/software\/displayandcontrolmodule\/","og_locale":"en_US","og_type":"article","og_title":"Iftest display and control module - Iftest","og_description":"Flexible HMI solutions with a modular architecture for industrial and medical technology devices \u2013 for rapid development and time-to-market.","og_url":"https:\/\/iftest.ch\/en\/development\/software\/displayandcontrolmodule\/","og_site_name":"Iftest","article_modified_time":"2026-03-24T14:57:46+00:00","og_image":[{"url":"https:\/\/iftest.ch\/wp-content\/uploads\/2026\/03\/Key-Visual-Anzeige-und-Bedienmoduld-V1-1.png","type":"","width":"","height":""}],"twitter_card":"summary_large_image","twitter_misc":{"Est. reading time":"4 minutes"},"schema":{"@context":"https:\/\/schema.org","@graph":[{"@type":"WebPage","@id":"https:\/\/iftest.ch\/en\/development\/software\/displayandcontrolmodule\/","url":"https:\/\/iftest.ch\/en\/development\/software\/displayandcontrolmodule\/","name":"Iftest display and control module - Iftest","isPartOf":{"@id":"https:\/\/iftest.ch\/en\/#website"},"primaryImageOfPage":{"@id":"https:\/\/iftest.ch\/en\/development\/software\/displayandcontrolmodule\/#primaryimage"},"image":{"@id":"https:\/\/iftest.ch\/en\/development\/software\/displayandcontrolmodule\/#primaryimage"},"thumbnailUrl":"https:\/\/iftest.ch\/wp-content\/uploads\/2026\/03\/Key-Visual-Anzeige-und-Bedienmoduld-V1-1.png","datePublished":"2026-02-23T15:16:52+00:00","dateModified":"2026-03-24T14:57:46+00:00","description":"Flexible HMI solutions with a modular architecture for industrial and medical technology devices \u2013 for rapid development and time-to-market.","breadcrumb":{"@id":"https:\/\/iftest.ch\/en\/development\/software\/displayandcontrolmodule\/#breadcrumb"},"inLanguage":"en-US","potentialAction":[{"@type":"ReadAction","target":["https:\/\/iftest.ch\/en\/development\/software\/displayandcontrolmodule\/"]}]},{"@type":"ImageObject","inLanguage":"en-US","@id":"https:\/\/iftest.ch\/en\/development\/software\/displayandcontrolmodule\/#primaryimage","url":"https:\/\/iftest.ch\/wp-content\/uploads\/2026\/03\/Key-Visual-Anzeige-und-Bedienmoduld-V1-1.png","contentUrl":"https:\/\/iftest.ch\/wp-content\/uploads\/2026\/03\/Key-Visual-Anzeige-und-Bedienmoduld-V1-1.png"},{"@type":"BreadcrumbList","@id":"https:\/\/iftest.ch\/en\/development\/software\/displayandcontrolmodule\/#breadcrumb","itemListElement":[{"@type":"ListItem","position":1,"name":"Home","item":"https:\/\/iftest.ch\/en\/"},{"@type":"ListItem","position":2,"name":"Development","item":"https:\/\/iftest.ch\/en\/development\/"},{"@type":"ListItem","position":3,"name":"Software","item":"https:\/\/iftest.ch\/en\/development\/software\/"},{"@type":"ListItem","position":4,"name":"Iftest display and control module"}]},{"@type":"WebSite","@id":"https:\/\/iftest.ch\/en\/#website","url":"https:\/\/iftest.ch\/en\/","name":"Iftest","description":"","publisher":{"@id":"https:\/\/iftest.ch\/en\/#organization"},"potentialAction":[{"@type":"SearchAction","target":{"@type":"EntryPoint","urlTemplate":"https:\/\/iftest.ch\/en\/?s={search_term_string}"},"query-input":{"@type":"PropertyValueSpecification","valueRequired":true,"valueName":"search_term_string"}}],"inLanguage":"en-US"},{"@type":"Organization","@id":"https:\/\/iftest.ch\/en\/#organization","name":"Iftest","url":"https:\/\/iftest.ch\/en\/","logo":{"@type":"ImageObject","inLanguage":"en-US","@id":"https:\/\/iftest.ch\/en\/#\/schema\/logo\/image\/","url":"https:\/\/iftest.ch\/wp-content\/uploads\/2026\/03\/logo-iftest.svg","contentUrl":"https:\/\/iftest.ch\/wp-content\/uploads\/2026\/03\/logo-iftest.svg","caption":"Iftest"},"image":{"@id":"https:\/\/iftest.ch\/en\/#\/schema\/logo\/image\/"},"sameAs":["https:\/\/www.linkedin.com\/company\/iftest-ag","https:\/\/www.xing.com\/companies\/iftestag"]}]}},"_links":{"self":[{"href":"https:\/\/iftest.ch\/en\/wp-json\/wp\/v2\/pages\/1904","targetHints":{"allow":["GET"]}}],"collection":[{"href":"https:\/\/iftest.ch\/en\/wp-json\/wp\/v2\/pages"}],"about":[{"href":"https:\/\/iftest.ch\/en\/wp-json\/wp\/v2\/types\/page"}],"author":[{"embeddable":true,"href":"https:\/\/iftest.ch\/en\/wp-json\/wp\/v2\/users\/2"}],"replies":[{"embeddable":true,"href":"https:\/\/iftest.ch\/en\/wp-json\/wp\/v2\/comments?post=1904"}],"version-history":[{"count":8,"href":"https:\/\/iftest.ch\/en\/wp-json\/wp\/v2\/pages\/1904\/revisions"}],"predecessor-version":[{"id":4378,"href":"https:\/\/iftest.ch\/en\/wp-json\/wp\/v2\/pages\/1904\/revisions\/4378"}],"up":[{"embeddable":true,"href":"https:\/\/iftest.ch\/en\/wp-json\/wp\/v2\/pages\/1759"}],"wp:attachment":[{"href":"https:\/\/iftest.ch\/en\/wp-json\/wp\/v2\/media?parent=1904"}],"curies":[{"name":"wp","href":"https:\/\/api.w.org\/{rel}","templated":true}]}}